{"id":1434,"date":"2025-11-07T14:22:53","date_gmt":"2025-11-07T14:22:53","guid":{"rendered":"https:\/\/www.conectacontudivinidad.com\/?page_id=1434"},"modified":"2025-11-07T14:55:19","modified_gmt":"2025-11-07T14:55:19","slug":"guia-post-sesion","status":"publish","type":"page","link":"https:\/\/www.conectacontudivinidad.com\/index.php\/guia-post-sesion\/","title":{"rendered":"GUIA POST SESION"},"content":{"rendered":"\t\t<div data-elementor-type=\"wp-page\" data-elementor-id=\"1434\" class=\"elementor elementor-1434\">\n\t\t\t\t<div class=\"elementor-element elementor-element-759eb7c e-flex e-con-boxed e-con e-parent\" data-id=\"759eb7c\" data-element_type=\"container\" data-e-type=\"container\">\n\t\t\t\t\t<div class=\"e-con-inner\">\n\t\t\t\t<div class=\"elementor-element elementor-element-62392f5 elementor-view-default elementor-widget elementor-widget-icon\" data-id=\"62392f5\" data-element_type=\"widget\" data-e-type=\"widget\" data-widget_type=\"icon.default\">\n\t\t\t\t\t\t\t<div class=\"elementor-icon-wrapper\">\n\t\t\t<a class=\"elementor-icon\" href=\"https:\/\/www.conectacontudivinidad.com\/wp-content\/uploads\/2025\/11\/Guia_Post_Sesion_Reiki_Julie.pdf1_.pdf.png\">\n\t\t\t<svg aria-hidden=\"true\" class=\"e-font-icon-svg e-far-eye\" viewBox=\"0 0 576 512\" xmlns=\"http:\/\/www.w3.org\/2000\/svg\"><path d=\"M288 144a110.94 110.94 0 0 0-31.24 5 55.4 55.4 0 0 1 7.24 27 56 56 0 0 1-56 56 55.4 55.4 0 0 1-27-7.24A111.71 111.71 0 1 0 288 144zm284.52 97.4C518.29 135.59 410.93 64 288 64S57.68 135.64 3.48 241.41a32.35 32.35 0 0 0 0 29.19C57.71 376.41 165.07 448 288 448s230.32-71.64 284.52-177.41a32.35 32.35 0 0 0 0-29.19zM288 400c-98.65 0-189.09-55-237.93-144C98.91 167 189.34 112 288 112s189.09 55 237.93 144C477.1 345 386.66 400 288 400z\"><\/path><\/svg>\t\t\t<\/a>\n\t\t<\/div>\n\t\t\t\t\t\t<\/div>\n\t\t\t\t\t<\/div>\n\t\t\t\t<\/div>\n\t\t<div class=\"elementor-element elementor-element-db57f60 e-flex e-con-boxed e-con e-parent\" data-id=\"db57f60\" data-element_type=\"container\" data-e-type=\"container\">\n\t\t\t\t\t<div class=\"e-con-inner\">\n\t\t\t\t<div class=\"elementor-element elementor-element-eb8d306 elementor-widget elementor-widget-text-editor\" data-id=\"eb8d306\" data-element_type=\"widget\" data-e-type=\"widget\" data-widget_type=\"text-editor.default\">\n\t\t\t\t\t\t\t\t\t<p>\u00a0<\/p><p><span class=\"fontstyle0\">Gu\u00eda para despu\u00e9s de tu sesi\u00f3n de Reiki o limpieza energ\u00e9tica<\/span><\/p><p><span class=\"fontstyle0\">Facilitadora: Julie P\u00e9rez Tudela<\/span><\/p><p><span class=\"fontstyle0\">Gracias por permitirme acompa\u00f1arte en este hermoso proceso de sanaci\u00f3n energ\u00e9tica.<\/span><\/p><p><span class=\"fontstyle0\"> Lo que has experimentado hoy ha iniciado un movimiento profundo de energ\u00eda en tu cuerpo, mente y esp\u00edritu.<\/span><\/p><p><span class=\"fontstyle0\"> Estas T\u00e9cnicas y Terapias No sustituyen a ning\u00fan medicamento o m\u00e9dico. <\/span><\/p><p><span class=\"fontstyle0\">Son Ter\u00e1pias Alternativas y trabajan a nivel energ\u00e9tico<\/span> <br \/>.<\/p><p><span class=\"fontstyle0\">\u00bfQu\u00e9 puedes experimentar despu\u00e9s de una sesi\u00f3n?\u00a0<\/span><\/p><p><span class=\"fontstyle0\">\u00a0Cansancio, dolor de cabeza, sudoraci\u00f3n o necesidad de descanso &#8211; Pensamientos o emociones inesperadas &#8211;<\/span><\/p><p><span class=\"fontstyle0\">\u00a0Eliminaci\u00f3n de toxinas a trav\u00e9s de piel, colon, orina, sistema respiratorio<\/span><\/p><p><span class=\"fontstyle0\">\u00a0A veces ocurre pero no siempre&#8230;estar\u00edamos ante una Crisis Curativa &#8211; S\u00edntomas f\u00edsicos que parecen empeorar antes de mejorar<\/span><\/p><p><span class=\"fontstyle0\">Recomendaciones:\u00a0 Descansa, bebe mucha agua, escucha tu cuerpo<\/span><\/p><p><span class=\"fontstyle0\">&#8211; No temas si surgen s\u00edntomas: tu cuerpo est\u00e1 liberando &#8211; Realiza un ciclo de m\u00ednimo 4 sesiones para mayor profundidad<\/span><\/p><p><span class=\"fontstyle0\">Gracias por confiar, sanar y reconectar.\u00a0<\/span><\/p><p><span class=\"fontstyle0\">Con amor, Julie<\/span><\/p><p><span class=\"fontstyle0\">www.conectacontudivinidad.com <\/span><\/p><p><span class=\"fontstyle0\">julie.ph.reiki@gmail.com<\/span><\/p><p>\u00a0<\/p><p>\u00a0<\/p><p>\u00a0<\/p>\t\t\t\t\t\t\t\t<\/div>\n\t\t\t\t<div class=\"elementor-element elementor-element-208d0c4 elementor-widget elementor-widget-image\" data-id=\"208d0c4\" data-element_type=\"widget\" data-e-type=\"widget\" data-widget_type=\"image.default\">\n\t\t\t\t\t\t\t\t\t\t\t\t\t\t\t<img decoding=\"async\" width=\"300\" height=\"65\" src=\"https:\/\/www.conectacontudivinidad.com\/wp-content\/uploads\/2025\/09\/Captura-de-pantalla-2025-09-29-223050-300x65.png\" class=\"attachment-medium size-medium wp-image-1436\" alt=\"\" srcset=\"https:\/\/www.conectacontudivinidad.com\/wp-content\/uploads\/2025\/09\/Captura-de-pantalla-2025-09-29-223050-300x65.png 300w, https:\/\/www.conectacontudivinidad.com\/wp-content\/uploads\/2025\/09\/Captura-de-pantalla-2025-09-29-223050.png 650w\" sizes=\"(max-width: 300px) 100vw, 300px\" \/>\t\t\t\t\t\t\t\t\t\t\t\t\t\t\t<\/div>\n\t\t\t\t\t<\/div>\n\t\t\t\t<\/div>\n\t\t\t\t<\/div>\n\t\t","protected":false},"excerpt":{"rendered":"<p>\u00a0 Gu\u00eda para despu\u00e9s de tu sesi\u00f3n de Reiki o limpieza energ\u00e9tica Facilitadora: Julie P\u00e9rez Tudela Gracias por permitirme acompa\u00f1arte en este hermoso proceso de sanaci\u00f3n energ\u00e9tica. Lo que has experimentado hoy ha iniciado un movimiento profundo de energ\u00eda en tu cuerpo, mente y esp\u00edritu. Estas T\u00e9cnicas y Terapias No sustituyen a ning\u00fan medicamento o [&hellip;]<\/p>\n","protected":false},"author":2,"featured_media":0,"parent":0,"menu_order":0,"comment_status":"closed","ping_status":"closed","template":"","meta":{"site-sidebar-layout":"no-sidebar","site-content-layout":"page-builder","ast-site-content-layout":"full-width-container","site-content-style":"default","site-sidebar-style":"default","ast-global-header-display":"","ast-banner-title-visibility":"","ast-main-header-display":"","ast-hfb-above-header-display":"","ast-hfb-below-header-display":"","ast-hfb-mobile-header-display":"","site-post-title":"","ast-breadcrumbs-content":"","ast-featured-img":"disabled","footer-sml-layout":"","ast-disable-related-posts":"","theme-transparent-header-meta":"","adv-header-id-meta":"","stick-header-meta":"","header-above-stick-meta":"","header-main-stick-meta":"","header-below-stick-meta":"","astra-migrate-meta-layouts":"set","ast-page-background-enabled":"default","ast-page-background-meta":{"desktop":{"background-color":"","background-image":"","background-repeat":"repeat","background-position":"center center","background-size":"auto","background-attachment":"scroll","background-type":"","background-media":"","overlay-type":"","overlay-color":"","overlay-opacity":"","overlay-gradient":""},"tablet":{"background-color":"","background-image":"","background-repeat":"repeat","background-position":"center center","background-size":"auto","background-attachment":"scroll","background-type":"","background-media":"","overlay-type":"","overlay-color":"","overlay-opacity":"","overlay-gradient":""},"mobile":{"background-color":"","background-image":"","background-repeat":"repeat","background-position":"center center","background-size":"auto","background-attachment":"scroll","background-type":"","background-media":"","overlay-type":"","overlay-color":"","overlay-opacity":"","overlay-gradient":""}},"ast-content-background-meta":{"desktop":{"background-color":"var(--ast-global-color-5)","background-image":"","background-repeat":"repeat","background-position":"center center","background-size":"auto","background-attachment":"scroll","background-type":"","background-media":"","overlay-type":"","overlay-color":"","overlay-opacity":"","overlay-gradient":""},"tablet":{"background-color":"var(--ast-global-color-5)","background-image":"","background-repeat":"repeat","background-position":"center center","background-size":"auto","background-attachment":"scroll","background-type":"","background-media":"","overlay-type":"","overlay-color":"","overlay-opacity":"","overlay-gradient":""},"mobile":{"background-color":"var(--ast-global-color-5)","background-image":"","background-repeat":"repeat","background-position":"center center","background-size":"auto","background-attachment":"scroll","background-type":"","background-media":"","overlay-type":"","overlay-color":"","overlay-opacity":"","overlay-gradient":""}},"footnotes":""},"class_list":["post-1434","page","type-page","status-publish","hentry"],"_links":{"self":[{"href":"https:\/\/www.conectacontudivinidad.com\/index.php\/wp-json\/wp\/v2\/pages\/1434","targetHints":{"allow":["GET"]}}],"collection":[{"href":"https:\/\/www.conectacontudivinidad.com\/index.php\/wp-json\/wp\/v2\/pages"}],"about":[{"href":"https:\/\/www.conectacontudivinidad.com\/index.php\/wp-json\/wp\/v2\/types\/page"}],"author":[{"embeddable":true,"href":"https:\/\/www.conectacontudivinidad.com\/index.php\/wp-json\/wp\/v2\/users\/2"}],"replies":[{"embeddable":true,"href":"https:\/\/www.conectacontudivinidad.com\/index.php\/wp-json\/wp\/v2\/comments?post=1434"}],"version-history":[{"count":13,"href":"https:\/\/www.conectacontudivinidad.com\/index.php\/wp-json\/wp\/v2\/pages\/1434\/revisions"}],"predecessor-version":[{"id":1575,"href":"https:\/\/www.conectacontudivinidad.com\/index.php\/wp-json\/wp\/v2\/pages\/1434\/revisions\/1575"}],"wp:attachment":[{"href":"https:\/\/www.conectacontudivinidad.com\/index.php\/wp-json\/wp\/v2\/media?parent=1434"}],"curies":[{"name":"wp","href":"https:\/\/api.w.org\/{rel}","templated":true}]}}