{"id":1670,"date":"2025-12-02T15:31:18","date_gmt":"2025-12-02T15:31:18","guid":{"rendered":"https:\/\/www.conectacontudivinidad.com\/?page_id=1670"},"modified":"2025-12-02T15:35:49","modified_gmt":"2025-12-02T15:35:49","slug":"politica-de-privacidad-y-cookies","status":"publish","type":"page","link":"https:\/\/www.conectacontudivinidad.com\/index.php\/politica-de-privacidad-y-cookies\/","title":{"rendered":"Pol\u00edtica de privacidad y Cookies"},"content":{"rendered":"\t\t<div data-elementor-type=\"wp-page\" data-elementor-id=\"1670\" class=\"elementor elementor-1670\">\n\t\t\t\t<div class=\"elementor-element elementor-element-d6b9b5c e-flex e-con-boxed e-con e-parent\" data-id=\"d6b9b5c\" data-element_type=\"container\" data-e-type=\"container\">\n\t\t\t\t\t<div class=\"e-con-inner\">\n\t\t\t\t<div class=\"elementor-element elementor-element-7a8fe11 elementor-widget elementor-widget-text-editor\" data-id=\"7a8fe11\" data-element_type=\"widget\" data-e-type=\"widget\" data-widget_type=\"text-editor.default\">\n\t\t\t\t\t\t\t\t\t<h3 data-start=\"362\" data-end=\"420\"><strong data-start=\"367\" data-end=\"420\">POL\u00cdTICA DE PRIVACIDAD \u2013 CONECTA CON TU DIVINIDAD<\/strong><\/h3><p data-start=\"422\" data-end=\"462\"><strong data-start=\"422\" data-end=\"462\">\u00daltima actualizaci\u00f3n: diciembre 2025<\/strong><\/p><h3 data-start=\"464\" data-end=\"502\"><strong data-start=\"468\" data-end=\"502\">1. Responsable del tratamiento<\/strong><\/h3><ul data-start=\"503\" data-end=\"794\"><li data-start=\"503\" data-end=\"537\"><p data-start=\"505\" data-end=\"537\"><strong data-start=\"505\" data-end=\"516\">Nombre:<\/strong> Julie P\u00e9rez Tudela<\/p><\/li><li data-start=\"538\" data-end=\"560\"><p data-start=\"540\" data-end=\"560\"><strong data-start=\"540\" data-end=\"548\">NIF:<\/strong> 33499243L<\/p><\/li><li data-start=\"561\" data-end=\"607\"><p data-start=\"563\" data-end=\"607\"><strong data-start=\"563\" data-end=\"577\">Direcci\u00f3n:<\/strong> C\/ Capit\u00e1n Gaspar Ortiz 126<\/p><\/li><li data-start=\"608\" data-end=\"647\"><p data-start=\"610\" data-end=\"647\"><strong data-start=\"610\" data-end=\"620\">Email:<\/strong> <a class=\"decorated-link cursor-pointer\" rel=\"noopener\" data-start=\"621\" data-end=\"645\">julie.ph.reiki@gmail.com<\/a><\/p><\/li><li data-start=\"648\" data-end=\"744\"><p data-start=\"650\" data-end=\"744\"><strong data-start=\"650\" data-end=\"664\">Actividad:<\/strong> Servicios de terapias hol\u00edsticas, sanaci\u00f3n energ\u00e9tica y sesiones a distancia.<\/p><\/li><li data-start=\"745\" data-end=\"794\"><p data-start=\"747\" data-end=\"794\"><strong data-start=\"747\" data-end=\"771\">Tipo de responsable:<\/strong> Particular (aut\u00f3noma).<\/p><\/li><\/ul><hr data-start=\"796\" data-end=\"799\" \/><h3 data-start=\"801\" data-end=\"842\"><strong data-start=\"805\" data-end=\"842\">2. Datos personales que recogemos<\/strong><\/h3><p data-start=\"843\" data-end=\"914\">En <em data-start=\"846\" data-end=\"872\">Conecta con tu Divinidad<\/em> se pueden solicitar los siguientes datos:<\/p><ul data-start=\"916\" data-end=\"1274\"><li data-start=\"916\" data-end=\"938\"><p data-start=\"918\" data-end=\"938\">Nombre y apellidos<\/p><\/li><li data-start=\"939\" data-end=\"961\"><p data-start=\"941\" data-end=\"961\">Correo electr\u00f3nico<\/p><\/li><li data-start=\"962\" data-end=\"1009\"><p data-start=\"964\" data-end=\"1009\">Tel\u00e9fono (si lo introduces voluntariamente)<\/p><\/li><li data-start=\"1010\" data-end=\"1065\"><p data-start=\"1012\" data-end=\"1065\">Informaci\u00f3n relacionada con consultas o solicitudes<\/p><\/li><li data-start=\"1066\" data-end=\"1126\"><p data-start=\"1068\" data-end=\"1126\">Datos necesarios para la gesti\u00f3n de sesiones a distancia<\/p><\/li><li data-start=\"1127\" data-end=\"1274\"><p data-start=\"1129\" data-end=\"1274\">Datos bancarios indirectos (solo los que t\u00fa facilitas para gestionar transferencias o Bizum; <strong data-start=\"1222\" data-end=\"1228\">no<\/strong> se almacena informaci\u00f3n financiera en la web)<\/p><\/li><\/ul><p data-start=\"1276\" data-end=\"1434\">No se recopilan datos especialmente sensibles salvo aquellos que t\u00fa compartas voluntariamente en relaci\u00f3n con tu bienestar emocional, energ\u00e9tico o espiritual.<\/p><hr data-start=\"1436\" data-end=\"1439\" \/><h3 data-start=\"1441\" data-end=\"1479\"><strong data-start=\"1445\" data-end=\"1479\">3. Finalidades del tratamiento<\/strong><\/h3><p data-start=\"1480\" data-end=\"1509\">Tus datos se utilizar\u00e1n para:<\/p><ol data-start=\"1511\" data-end=\"1726\"><li data-start=\"1511\" data-end=\"1559\"><p data-start=\"1514\" data-end=\"1559\"><strong data-start=\"1514\" data-end=\"1557\">Gestionar citas y sesiones a distancia.<\/strong><\/p><\/li><li data-start=\"1560\" data-end=\"1636\"><p data-start=\"1563\" data-end=\"1636\"><strong data-start=\"1563\" data-end=\"1634\">Responder consultas realizadas a trav\u00e9s del formulario de contacto.<\/strong><\/p><\/li><li data-start=\"1637\" data-end=\"1726\"><p data-start=\"1640\" data-end=\"1726\"><strong data-start=\"1640\" data-end=\"1699\">Enviar informaci\u00f3n sobre terapias, sesiones o servicios<\/strong> (solo si t\u00fa lo solicitas).<\/p><\/li><\/ol><p data-start=\"1728\" data-end=\"1794\">No se realizan perfiles automatizados ni decisiones automatizadas.<\/p><hr data-start=\"1796\" data-end=\"1799\" \/><h3 data-start=\"1801\" data-end=\"1838\"><strong data-start=\"1805\" data-end=\"1838\">4. Base legal del tratamiento<\/strong><\/h3><p data-start=\"1839\" data-end=\"1874\">Las bases jur\u00eddicas aplicables son:<\/p><ul data-start=\"1876\" data-end=\"2120\"><li data-start=\"1876\" data-end=\"1962\"><p data-start=\"1878\" data-end=\"1962\"><strong data-start=\"1878\" data-end=\"1906\">Consentimiento expl\u00edcito<\/strong>, cuando env\u00edas un formulario o solicitas informaci\u00f3n.<\/p><\/li><li data-start=\"1963\" data-end=\"2052\"><p data-start=\"1965\" data-end=\"2052\"><strong data-start=\"1965\" data-end=\"2006\">Relaci\u00f3n contractual o precontractual<\/strong>, cuando solicitas una sesi\u00f3n o un servicio.<\/p><\/li><li data-start=\"2053\" data-end=\"2120\"><p data-start=\"2055\" data-end=\"2120\"><strong data-start=\"2055\" data-end=\"2075\">Inter\u00e9s leg\u00edtimo<\/strong>, para garantizar la seguridad del sitio web.<\/p><\/li><\/ul><hr data-start=\"2122\" data-end=\"2125\" \/><h3 data-start=\"2127\" data-end=\"2163\"><strong data-start=\"2131\" data-end=\"2163\">5. Conservaci\u00f3n de los datos<\/strong><\/h3><p data-start=\"2164\" data-end=\"2189\">Los datos se conservar\u00e1n:<\/p><ul data-start=\"2191\" data-end=\"2410\"><li data-start=\"2191\" data-end=\"2253\"><p data-start=\"2193\" data-end=\"2253\">Mientras exista una relaci\u00f3n o gesti\u00f3n activa de sesiones.<\/p><\/li><li data-start=\"2254\" data-end=\"2293\"><p data-start=\"2256\" data-end=\"2293\">Hasta que solicites su eliminaci\u00f3n.<\/p><\/li><li data-start=\"2294\" data-end=\"2410\"><p data-start=\"2296\" data-end=\"2410\">Durante los plazos legales necesarios para cumplir obligaciones tributarias o de facturaci\u00f3n (si llega a aplicar).<\/p><\/li><\/ul><hr data-start=\"2412\" data-end=\"2415\" \/><h3 data-start=\"2417\" data-end=\"2460\"><strong data-start=\"2421\" data-end=\"2460\">6. Comunicaci\u00f3n de datos a terceros<\/strong><\/h3><p data-start=\"2461\" data-end=\"2505\">Tus datos <strong data-start=\"2471\" data-end=\"2497\">no se ceden a terceros<\/strong>, salvo:<\/p><ul data-start=\"2507\" data-end=\"2672\"><li data-start=\"2507\" data-end=\"2609\"><p data-start=\"2509\" data-end=\"2609\">Servicios estrictamente necesarios para el funcionamiento de la web (hosting, correo electr\u00f3nico).<\/p><\/li><li data-start=\"2610\" data-end=\"2672\"><p data-start=\"2612\" data-end=\"2672\">Obligaciones legales si la autoridad competente lo solicita.<\/p><\/li><\/ul><p data-start=\"2674\" data-end=\"2741\">No se venden datos ni se utilizan con fines publicitarios externos.<\/p><hr data-start=\"2743\" data-end=\"2746\" \/><h3 data-start=\"2748\" data-end=\"2779\"><strong data-start=\"2752\" data-end=\"2779\">7. Derechos del usuario<\/strong><\/h3><p data-start=\"2780\" data-end=\"2819\">Puedes ejercer los siguientes derechos:<\/p><ul data-start=\"2821\" data-end=\"2959\"><li data-start=\"2821\" data-end=\"2844\"><p data-start=\"2823\" data-end=\"2844\">Acceder a tus datos<\/p><\/li><li data-start=\"2845\" data-end=\"2862\"><p data-start=\"2847\" data-end=\"2862\">Rectificarlos<\/p><\/li><li data-start=\"2863\" data-end=\"2878\"><p data-start=\"2865\" data-end=\"2878\">Suprimirlos<\/p><\/li><li data-start=\"2879\" data-end=\"2905\"><p data-start=\"2881\" data-end=\"2905\">Limitar su tratamiento<\/p><\/li><li data-start=\"2906\" data-end=\"2931\"><p data-start=\"2908\" data-end=\"2931\">Pedir la portabilidad<\/p><\/li><li data-start=\"2932\" data-end=\"2959\"><p data-start=\"2934\" data-end=\"2959\">Oponerte al tratamiento<\/p><\/li><\/ul><p data-start=\"2961\" data-end=\"3019\">Para ello, puedes escribir a: <strong data-start=\"2991\" data-end=\"3019\"><a class=\"decorated-link cursor-pointer\" rel=\"noopener\" data-start=\"2993\" data-end=\"3017\">julie.ph.reiki@gmail.com<\/a><\/strong><\/p><p data-start=\"3021\" data-end=\"3127\">Tambi\u00e9n tienes derecho a presentar una reclamaci\u00f3n ante la Agencia Espa\u00f1ola de Protecci\u00f3n de Datos (AEPD).<\/p><hr data-start=\"3129\" data-end=\"3132\" \/><h3 data-start=\"3134\" data-end=\"3167\"><strong data-start=\"3138\" data-end=\"3167\">8. Seguridad de tus datos<\/strong><\/h3><p data-start=\"3168\" data-end=\"3304\">El sitio aplica medidas t\u00e9cnicas y organizativas para proteger tu informaci\u00f3n, evitando accesos no autorizados, p\u00e9rdidas o alteraciones.<\/p><hr data-start=\"3306\" data-end=\"3309\" \/><h3 data-start=\"3311\" data-end=\"3330\"><strong data-start=\"3315\" data-end=\"3330\">9. Contacto<\/strong><\/h3><p data-start=\"3331\" data-end=\"3438\">\u00a0Para cualquier duda sobre esta Pol\u00edtica de Privacidad, puedes escribir a:<br data-start=\"3404\" data-end=\"3407\" \/>\ud83d\udce7 <strong data-start=\"3410\" data-end=\"3438\"><a class=\"decorated-link cursor-pointer\" rel=\"noopener\" data-start=\"3412\" data-end=\"3436\">julie.ph.reiki@gmail.com<\/a><\/strong><\/p>\t\t\t\t\t\t\t\t<\/div>\n\t\t\t\t\t<\/div>\n\t\t\t\t<\/div>\n\t\t<div class=\"elementor-element elementor-element-b7695e8 e-flex e-con-boxed e-con e-parent\" data-id=\"b7695e8\" data-element_type=\"container\" data-e-type=\"container\">\n\t\t\t\t\t<div class=\"e-con-inner\">\n\t\t\t\t<div class=\"elementor-element elementor-element-ea69aec elementor-widget elementor-widget-text-editor\" data-id=\"ea69aec\" data-element_type=\"widget\" data-e-type=\"widget\" data-widget_type=\"text-editor.default\">\n\t\t\t\t\t\t\t\t\t<h3 data-start=\"3445\" data-end=\"3500\"><strong data-start=\"3450\" data-end=\"3500\">POL\u00cdTICA DE COOKIES \u2013 CONECTA CON TU DIVINIDAD<\/strong><\/h3><p data-start=\"3502\" data-end=\"3542\"><strong data-start=\"3502\" data-end=\"3542\">\u00daltima actualizaci\u00f3n: diciembre 2025<\/strong><\/p><p data-start=\"3544\" data-end=\"3708\">\u00a0<\/p><hr data-start=\"3710\" data-end=\"3713\" \/><h3 data-start=\"3715\" data-end=\"3744\"><strong data-start=\"3718\" data-end=\"3744\">1. \u00bfQu\u00e9 es una cookie?<\/strong><\/h3><p data-start=\"3745\" data-end=\"3878\">Son peque\u00f1os archivos que se guardan en tu navegador y que permiten recordar ciertos datos: preferencias, visitas, estad\u00edsticas, etc.<\/p><hr data-start=\"3880\" data-end=\"3883\" \/><h3 data-start=\"3885\" data-end=\"3932\"><strong data-start=\"3888\" data-end=\"3932\">2. Tipos de cookies que utiliza esta web<\/strong><\/h3><h4 data-start=\"3934\" data-end=\"3976\"><strong data-start=\"3938\" data-end=\"3974\">a) Cookies t\u00e9cnicas (NECESARIAS)<\/strong><\/h4><p data-start=\"3977\" data-end=\"4023\">Permiten el funcionamiento b\u00e1sico del sitio:<\/p><ul data-start=\"4024\" data-end=\"4120\"><li data-start=\"4024\" data-end=\"4059\"><p data-start=\"4026\" data-end=\"4059\">Mostrar la p\u00e1gina correctamente<\/p><\/li><li data-start=\"4060\" data-end=\"4085\"><p data-start=\"4062\" data-end=\"4085\">Mantener la seguridad<\/p><\/li><li data-start=\"4086\" data-end=\"4120\"><p data-start=\"4088\" data-end=\"4120\">Permitir el uso de formularios<\/p><\/li><\/ul><p data-start=\"4122\" data-end=\"4156\">Estas NO requieren consentimiento.<\/p><h4 data-start=\"4158\" data-end=\"4207\"><strong data-start=\"4162\" data-end=\"4205\">b) Cookies de preferencias (opcionales)<\/strong><\/h4><p data-start=\"4208\" data-end=\"4319\">Guardan peque\u00f1as configuraciones como idioma o ajustes de visualizaci\u00f3n. <em data-start=\"4281\" data-end=\"4319\">(Se pueden activar si las utilizas.)<\/em><\/p><h4 data-start=\"4321\" data-end=\"4366\"><strong data-start=\"4325\" data-end=\"4364\">c) Cookies de an\u00e1lisis (opcionales)<\/strong><\/h4><p data-start=\"4367\" data-end=\"4513\">Solo si alg\u00fan d\u00eda incorporas Google Analytics u otro sistema.<br data-start=\"4428\" data-end=\"4431\" \/>Actualmente tu web <strong data-start=\"4450\" data-end=\"4460\">no usa<\/strong> Google Analytics (puedo a\u00f1adirlo si lo implementas).<\/p><h4 data-start=\"4515\" data-end=\"4547\"><strong data-start=\"4519\" data-end=\"4545\">d) Cookies de terceros<\/strong><\/h4><p data-start=\"4548\" data-end=\"4602\">Solo se activan si incrustas contenido externo como:<\/p><ul data-start=\"4603\" data-end=\"4708\"><li data-start=\"4603\" data-end=\"4624\"><p data-start=\"4605\" data-end=\"4624\">V\u00eddeos de YouTube<\/p><\/li><li data-start=\"4625\" data-end=\"4669\"><p data-start=\"4627\" data-end=\"4669\">Formularios de terceros (Calendly, etc.)<\/p><\/li><li data-start=\"4670\" data-end=\"4708\"><p data-start=\"4672\" data-end=\"4708\">Redes sociales (Instagram, Facebook)<\/p><\/li><\/ul><p data-start=\"4710\" data-end=\"4763\">Si todav\u00eda no usas estos elementos, no se instalar\u00e1n.<\/p><hr data-start=\"4765\" data-end=\"4768\" \/><h3 data-start=\"4770\" data-end=\"4815\"><strong data-start=\"4773\" data-end=\"4815\">3. Gesti\u00f3n de la aceptaci\u00f3n de cookies<\/strong><\/h3><p data-start=\"4816\" data-end=\"4878\">Al acceder a la web, aparecer\u00e1 un <strong data-start=\"4850\" data-end=\"4860\">banner<\/strong> que te permitir\u00e1:<\/p><ul data-start=\"4880\" data-end=\"4980\"><li data-start=\"4880\" data-end=\"4909\"><p data-start=\"4882\" data-end=\"4909\">Aceptar todas las cookies<\/p><\/li><li data-start=\"4910\" data-end=\"4954\"><p data-start=\"4912\" data-end=\"4954\">Rechazar todas las cookies no esenciales<\/p><\/li><li data-start=\"4955\" data-end=\"4980\"><p data-start=\"4957\" data-end=\"4980\">Configurar preferencias<\/p><\/li><\/ul><p data-start=\"4982\" data-end=\"5060\"><em data-start=\"4982\" data-end=\"5060\">(Si quieres, puedo crear el texto exacto de tu banner o un dise\u00f1o adaptado.)<\/em><\/p><hr data-start=\"5062\" data-end=\"5065\" \/><h3 data-start=\"5067\" data-end=\"5113\"><strong data-start=\"5070\" data-end=\"5113\">4. \u00bfC\u00f3mo puedes desactivar las cookies?<\/strong><\/h3><p data-start=\"5114\" data-end=\"5158\">Puedes administrar o eliminar cookies desde:<\/p><ul data-start=\"5160\" data-end=\"5296\"><li data-start=\"5160\" data-end=\"5228\"><p data-start=\"5162\" data-end=\"5228\"><strong data-start=\"5162\" data-end=\"5193\">Configuraci\u00f3n del navegador<\/strong> (Chrome, Firefox, Safari, Edge\u2026)<\/p><\/li><li data-start=\"5229\" data-end=\"5296\"><p data-start=\"5231\" data-end=\"5296\">O desde la secci\u00f3n <strong data-start=\"5250\" data-end=\"5277\">Preferencias de Cookies<\/strong> en esta misma web.<\/p><\/li><\/ul><hr data-start=\"5298\" data-end=\"5301\" \/><h3 data-start=\"5303\" data-end=\"5321\"><strong data-start=\"5306\" data-end=\"5321\">5. Contacto<\/strong><\/h3><h3 data-start=\"5322\" data-end=\"5423\">Para cualquier consulta relacionada con esta pol\u00edtica, escr\u00edbeme a:<br data-start=\"5389\" data-end=\"5392\" \/>\ud83d\udce7 <strong data-start=\"5395\" data-end=\"5423\"><a class=\"decorated-link cursor-pointer\" rel=\"noopener\" data-start=\"5397\" data-end=\"5421\">julie.ph.reiki@gmail.com<\/a><\/strong><\/h3>\t\t\t\t\t\t\t\t<\/div>\n\t\t\t\t\t<\/div>\n\t\t\t\t<\/div>\n\t\t\t\t<\/div>\n\t\t","protected":false},"excerpt":{"rendered":"<p>POL\u00cdTICA DE PRIVACIDAD \u2013 CONECTA CON TU DIVINIDAD \u00daltima actualizaci\u00f3n: diciembre 2025 1. Responsable del tratamiento Nombre: Julie P\u00e9rez Tudela NIF: 33499243L Direcci\u00f3n: C\/ Capit\u00e1n Gaspar Ortiz 126 Email: julie.ph.reiki@gmail.com Actividad: Servicios de terapias hol\u00edsticas, sanaci\u00f3n energ\u00e9tica y sesiones a distancia. Tipo de responsable: Particular (aut\u00f3noma). 2. Datos personales que recogemos En Conecta con tu [&hellip;]<\/p>\n","protected":false},"author":2,"featured_media":0,"parent":0,"menu_order":0,"comment_status":"closed","ping_status":"closed","template":"","meta":{"site-sidebar-layout":"no-sidebar","site-content-layout":"page-builder","ast-site-content-layout":"full-width-container","site-content-style":"default","site-sidebar-style":"default","ast-global-header-display":"","ast-banner-title-visibility":"","ast-main-header-display":"","ast-hfb-above-header-display":"","ast-hfb-below-header-display":"","ast-hfb-mobile-header-display":"","site-post-title":"","ast-breadcrumbs-content":"","ast-featured-img":"disabled","footer-sml-layout":"","ast-disable-related-posts":"","theme-transparent-header-meta":"","adv-header-id-meta":"","stick-header-meta":"","header-above-stick-meta":"","header-main-stick-meta":"","header-below-stick-meta":"","astra-migrate-meta-layouts":"set","ast-page-background-enabled":"default","ast-page-background-meta":{"desktop":{"background-color":"","background-image":"","background-repeat":"repeat","background-position":"center center","background-size":"auto","background-attachment":"scroll","background-type":"","background-media":"","overlay-type":"","overlay-color":"","overlay-opacity":"","overlay-gradient":""},"tablet":{"background-color":"","background-image":"","background-repeat":"repeat","background-position":"center center","background-size":"auto","background-attachment":"scroll","background-type":"","background-media":"","overlay-type":"","overlay-color":"","overlay-opacity":"","overlay-gradient":""},"mobile":{"background-color":"","background-image":"","background-repeat":"repeat","background-position":"center center","background-size":"auto","background-attachment":"scroll","background-type":"","background-media":"","overlay-type":"","overlay-color":"","overlay-opacity":"","overlay-gradient":""}},"ast-content-background-meta":{"desktop":{"background-color":"var(--ast-global-color-5)","background-image":"","background-repeat":"repeat","background-position":"center center","background-size":"auto","background-attachment":"scroll","background-type":"","background-media":"","overlay-type":"","overlay-color":"","overlay-opacity":"","overlay-gradient":""},"tablet":{"background-color":"var(--ast-global-color-5)","background-image":"","background-repeat":"repeat","background-position":"center center","background-size":"auto","background-attachment":"scroll","background-type":"","background-media":"","overlay-type":"","overlay-color":"","overlay-opacity":"","overlay-gradient":""},"mobile":{"background-color":"var(--ast-global-color-5)","background-image":"","background-repeat":"repeat","background-position":"center center","background-size":"auto","background-attachment":"scroll","background-type":"","background-media":"","overlay-type":"","overlay-color":"","overlay-opacity":"","overlay-gradient":""}},"footnotes":""},"class_list":["post-1670","page","type-page","status-publish","hentry"],"_links":{"self":[{"href":"https:\/\/www.conectacontudivinidad.com\/index.php\/wp-json\/wp\/v2\/pages\/1670","targetHints":{"allow":["GET"]}}],"collection":[{"href":"https:\/\/www.conectacontudivinidad.com\/index.php\/wp-json\/wp\/v2\/pages"}],"about":[{"href":"https:\/\/www.conectacontudivinidad.com\/index.php\/wp-json\/wp\/v2\/types\/page"}],"author":[{"embeddable":true,"href":"https:\/\/www.conectacontudivinidad.com\/index.php\/wp-json\/wp\/v2\/users\/2"}],"replies":[{"embeddable":true,"href":"https:\/\/www.conectacontudivinidad.com\/index.php\/wp-json\/wp\/v2\/comments?post=1670"}],"version-history":[{"count":7,"href":"https:\/\/www.conectacontudivinidad.com\/index.php\/wp-json\/wp\/v2\/pages\/1670\/revisions"}],"predecessor-version":[{"id":1677,"href":"https:\/\/www.conectacontudivinidad.com\/index.php\/wp-json\/wp\/v2\/pages\/1670\/revisions\/1677"}],"wp:attachment":[{"href":"https:\/\/www.conectacontudivinidad.com\/index.php\/wp-json\/wp\/v2\/media?parent=1670"}],"curies":[{"name":"wp","href":"https:\/\/api.w.org\/{rel}","templated":true}]}}